{"id":1099,"date":"2023-09-18T16:47:51","date_gmt":"2023-09-18T16:47:51","guid":{"rendered":"https:\/\/lanieblaforest.com\/?page_id=1099"},"modified":"2023-09-18T17:10:35","modified_gmt":"2023-09-18T17:10:35","slug":"donde-trabajamos","status":"publish","type":"page","link":"https:\/\/lanieblaforest.com\/nl\/donde-trabajamos\/","title":{"rendered":"Waar werken we"},"content":{"rendered":"<div data-elementor-type=\"wp-page\" data-elementor-id=\"1099\" class=\"elementor elementor-1099\">\n\t\t\t\t\t\t<section class=\"elementor-section elementor-top-section elementor-element elementor-element-53dd784 elementor-section-boxed elementor-section-height-default elementor-section-height-default\" data-id=\"53dd784\" data-element_type=\"section\" data-e-type=\"section\">\n\t\t\t\t\t\t\t<div class=\"elementor-background-overlay\"><\/div>\n\t\t\t\t\t\t\t<div class=\"elementor-container elementor-column-gap-no\">\n\t\t\t\t\t<div class=\"elementor-column elementor-col-100 elementor-top-column elementor-element elementor-element-0ce2d64\" data-id=\"0ce2d64\" data-element_type=\"column\" data-e-type=\"column\">\n\t\t\t<div class=\"elementor-widget-wrap elementor-element-populated\">\n\t\t\t\t\t\t<div class=\"elementor-element elementor-element-e7b4977 elementor-widget elementor-widget-heading\" data-id=\"e7b4977\" data-element_type=\"widget\" data-e-type=\"widget\" data-widget_type=\"heading.default\">\n\t\t\t\t<div class=\"elementor-widget-container\">\n\t\t\t\t\t<h2 class=\"elementor-heading-title elementor-size-default\">Waar werken we<\/h2>\t\t\t\t<\/div>\n\t\t\t\t<\/div>\n\t\t\t\t<div class=\"elementor-element elementor-element-74fc213 elementor-widget elementor-widget-text-editor\" data-id=\"74fc213\" data-element_type=\"widget\" data-e-type=\"widget\" data-widget_type=\"text-editor.default\">\n\t\t\t\t<div class=\"elementor-widget-container\">\n\t\t\t\t\t\t\t\t\t<p>La Niebla Forest is gelegen in San Ram\u00f3n, in de provincie Chanchamayo, in het departement Jun\u00edn, in de jungle van Peru.<\/p><p>\u00a0<\/p>\t\t\t\t\t\t\t\t<\/div>\n\t\t\t\t<\/div>\n\t\t\t\t<div class=\"elementor-element elementor-element-23d1c56 elementor-widget elementor-widget-image\" data-id=\"23d1c56\" data-element_type=\"widget\" data-e-type=\"widget\" data-widget_type=\"image.default\">\n\t\t\t\t<div class=\"elementor-widget-container\">\n\t\t\t\t\t\t\t\t\t\t\t\t\t\t\t<img fetchpriority=\"high\" decoding=\"async\" width=\"750\" height=\"530\" src=\"https:\/\/lanieblaforest.com\/wp-content\/uploads\/2019\/12\/mapa-ubi-1024x724.png\" class=\"attachment-large size-large wp-image-793\" alt=\"\" srcset=\"https:\/\/lanieblaforest.com\/wp-content\/uploads\/2019\/12\/mapa-ubi-1024x724.png 1024w, https:\/\/lanieblaforest.com\/wp-content\/uploads\/2019\/12\/mapa-ubi-300x212.png 300w, https:\/\/lanieblaforest.com\/wp-content\/uploads\/2019\/12\/mapa-ubi-768x543.png 768w, https:\/\/lanieblaforest.com\/wp-content\/uploads\/2019\/12\/mapa-ubi-1536x1086.png 1536w, https:\/\/lanieblaforest.com\/wp-content\/uploads\/2019\/12\/mapa-ubi-2048x1448.png 2048w\" sizes=\"(max-width: 750px) 100vw, 750px\" \/>\t\t\t\t\t\t\t\t\t\t\t\t\t\t\t<\/div>\n\t\t\t\t<\/div>\n\t\t\t\t<div class=\"elementor-element elementor-element-f897eaa elementor-widget elementor-widget-spacer\" data-id=\"f897eaa\" data-element_type=\"widget\" data-e-type=\"widget\" data-widget_type=\"spacer.default\">\n\t\t\t\t<div class=\"elementor-widget-container\">\n\t\t\t\t\t\t\t<div class=\"elementor-spacer\">\n\t\t\t<div class=\"elementor-spacer-inner\"><\/div>\n\t\t<\/div>\n\t\t\t\t\t\t<\/div>\n\t\t\t\t<\/div>\n\t\t\t\t<div class=\"elementor-element elementor-element-470c69c elementor-widget elementor-widget-text-editor\" data-id=\"470c69c\" data-element_type=\"widget\" data-e-type=\"widget\" data-widget_type=\"text-editor.default\">\n\t\t\t\t<div class=\"elementor-widget-container\">\n\t\t\t\t\t\t\t\t\t<p><b>La Niebla Forest,<\/b><span style=\"font-weight: 400;\"> erkend door de Peruaanse overheid als een beschermd natuurgebied, bevindt zich in <\/span><b>het Biosfeerreservaat \"Bosques de neblina selva central\"<\/b><span style=\"font-weight: 400;\">en heeft een buitengewone geografische locatie in de regio Junin, provincie Chanchamayo. Het strekt zich uit van 1900 meter tot 2600 meter boven\u00a0<\/span><span style=\"font-weight: 400;\">zeeniveau, precies waar het groene regenwoud en het nevelwoud overgaan in het Andesgebergte. Dit is de plek waar de wolken van de Amazone-rivier de Andes bereiken en de bomen de nevel absorberen en omzetten in gefilterd water dat in beekjes naar beneden stroomt en de streek van zuiver water voorziet.<\/span><\/p>\t\t\t\t\t\t\t\t<\/div>\n\t\t\t\t<\/div>\n\t\t\t\t\t<\/div>\n\t\t<\/div>\n\t\t\t\t\t<\/div>\n\t\t<\/section>\n\t\t\t\t<\/div>","protected":false},"excerpt":{"rendered":"<p>D\u00f3nde trabajamos La Niebla Forest est\u00e1 situada en San Ram\u00f3n, provincia de Chanchamayo, departamento de Jun\u00edn, en la selva central del Per\u00fa. \u00a0 La Niebla Forest, reconocida por el gobierno peruano como \u00e1rea de conservaci\u00f3n&hellip;<\/p>","protected":false},"author":1,"featured_media":0,"parent":0,"menu_order":0,"comment_status":"closed","ping_status":"closed","template":"","meta":{"give_campaign_id":0,"footnotes":""},"class_list":["post-1099","page","type-page","status-publish","hentry"],"campaignId":"","_links":{"self":[{"href":"https:\/\/lanieblaforest.com\/nl\/wp-json\/wp\/v2\/pages\/1099","targetHints":{"allow":["GET"]}}],"collection":[{"href":"https:\/\/lanieblaforest.com\/nl\/wp-json\/wp\/v2\/pages"}],"about":[{"href":"https:\/\/lanieblaforest.com\/nl\/wp-json\/wp\/v2\/types\/page"}],"author":[{"embeddable":true,"href":"https:\/\/lanieblaforest.com\/nl\/wp-json\/wp\/v2\/users\/1"}],"replies":[{"embeddable":true,"href":"https:\/\/lanieblaforest.com\/nl\/wp-json\/wp\/v2\/comments?post=1099"}],"version-history":[{"count":19,"href":"https:\/\/lanieblaforest.com\/nl\/wp-json\/wp\/v2\/pages\/1099\/revisions"}],"predecessor-version":[{"id":1126,"href":"https:\/\/lanieblaforest.com\/nl\/wp-json\/wp\/v2\/pages\/1099\/revisions\/1126"}],"wp:attachment":[{"href":"https:\/\/lanieblaforest.com\/nl\/wp-json\/wp\/v2\/media?parent=1099"}],"curies":[{"name":"wp","href":"https:\/\/api.w.org\/{rel}","templated":true}]}}