{"id":1369,"date":"2023-09-19T04:36:24","date_gmt":"2023-09-19T04:36:24","guid":{"rendered":"https:\/\/lanieblaforest.com\/?page_id=1369"},"modified":"2026-01-16T13:48:43","modified_gmt":"2026-01-16T13:48:43","slug":"voluntarios","status":"publish","type":"page","link":"https:\/\/lanieblaforest.com\/nl\/voluntarios\/","title":{"rendered":"Vrijwilligers"},"content":{"rendered":"<div data-elementor-type=\"wp-page\" data-elementor-id=\"1369\" class=\"elementor elementor-1369\">\n\t\t\t\t\t\t<section class=\"elementor-section elementor-top-section elementor-element elementor-element-8d136ff elementor-section-boxed elementor-section-height-default elementor-section-height-default\" data-id=\"8d136ff\" data-element_type=\"section\" data-e-type=\"section\">\n\t\t\t\t\t\t<div class=\"elementor-container elementor-column-gap-default\">\n\t\t\t\t\t<div class=\"elementor-column elementor-col-100 elementor-top-column elementor-element elementor-element-719488b\" data-id=\"719488b\" data-element_type=\"column\" data-e-type=\"column\">\n\t\t\t<div class=\"elementor-widget-wrap elementor-element-populated\">\n\t\t\t\t\t\t<div class=\"elementor-element elementor-element-80698f6 elementor-widget elementor-widget-image\" data-id=\"80698f6\" data-element_type=\"widget\" data-e-type=\"widget\" data-widget_type=\"image.default\">\n\t\t\t\t<div class=\"elementor-widget-container\">\n\t\t\t\t\t\t\t\t\t\t\t\t\t\t\t<img fetchpriority=\"high\" decoding=\"async\" width=\"559\" height=\"418\" src=\"https:\/\/lanieblaforest.com\/wp-content\/uploads\/2023\/09\/Captura-de-pantalla-2023-09-19-a-las-00.00.15.png\" class=\"attachment-large size-large wp-image-1381\" alt=\"\" srcset=\"https:\/\/lanieblaforest.com\/wp-content\/uploads\/2023\/09\/Captura-de-pantalla-2023-09-19-a-las-00.00.15.png 559w, https:\/\/lanieblaforest.com\/wp-content\/uploads\/2023\/09\/Captura-de-pantalla-2023-09-19-a-las-00.00.15-300x224.png 300w, https:\/\/lanieblaforest.com\/wp-content\/uploads\/2023\/09\/Captura-de-pantalla-2023-09-19-a-las-00.00.15-16x12.png 16w\" sizes=\"(max-width: 559px) 100vw, 559px\" \/>\t\t\t\t\t\t\t\t\t\t\t\t\t\t\t<\/div>\n\t\t\t\t<\/div>\n\t\t\t\t<div class=\"elementor-element elementor-element-0d630f2 elementor-widget elementor-widget-spacer\" data-id=\"0d630f2\" data-element_type=\"widget\" data-e-type=\"widget\" data-widget_type=\"spacer.default\">\n\t\t\t\t<div class=\"elementor-widget-container\">\n\t\t\t\t\t\t\t<div class=\"elementor-spacer\">\n\t\t\t<div class=\"elementor-spacer-inner\"><\/div>\n\t\t<\/div>\n\t\t\t\t\t\t<\/div>\n\t\t\t\t<\/div>\n\t\t\t\t<div class=\"elementor-element elementor-element-56aec81 elementor-widget elementor-widget-text-editor\" data-id=\"56aec81\" data-element_type=\"widget\" data-e-type=\"widget\" data-widget_type=\"text-editor.default\">\n\t\t\t\t<div class=\"elementor-widget-container\">\n\t\t\t\t\t\t\t\t\t<p>\u00ab\u00danete a Nuestro Equipo de Voluntarios<\/p><p>La Niebla Forest gelooft in de kracht van de gemeenschap. Elke actie, hoe klein ook, draagt bij aan het behoud van ons nevelwoud. Vrijwilligers vormen het hart van ons project en hun toewijding geeft meer betekenis aan elke stap die we zetten.<\/p><p>Wil je meebouwen aan de weg naar verandering in het nevelwoud van Peru? Doe mee met ons programma voor vrijwilligers en sluit je aan bij een beweging die de natuur beschermt en de lokale gemeenschappen versterkt. Wat je ook doet, bomen planten, met kinderen werken rond het belang van biodiversiteit of onze boodschap uitdragen, jouw bijdrage is essentieel.<\/p><p>\u00a1Tu tiempo y pasi\u00f3n son valiosos! Juntos, construimos un futuro m\u00e1s verde y sostenible. \u00danete a nosotros y s\u00e9 la diferencia que el mundo necesita.\u00bb<\/p>\t\t\t\t\t\t\t\t<\/div>\n\t\t\t\t<\/div>\n\t\t\t\t<div class=\"elementor-element elementor-element-dfcfe80 elementor-widget elementor-widget-heading\" data-id=\"dfcfe80\" data-element_type=\"widget\" data-e-type=\"widget\" data-widget_type=\"heading.default\">\n\t\t\t\t<div class=\"elementor-widget-container\">\n\t\t\t\t\t<h5 class=\"elementor-heading-title elementor-size-default\">Experiencia de voluntariado  2025<\/h5>\t\t\t\t<\/div>\n\t\t\t\t<\/div>\n\t\t\t\t<div class=\"elementor-element elementor-element-e4e9658 gallery-spacing-custom elementor-widget elementor-widget-image-gallery\" data-id=\"e4e9658\" data-element_type=\"widget\" data-e-type=\"widget\" data-widget_type=\"image-gallery.default\">\n\t\t\t\t<div class=\"elementor-widget-container\">\n\t\t\t\t\t\t\t<div class=\"elementor-image-gallery\">\n\t\t\t<div id='gallery-1' class='gallery galleryid-1369 gallery-columns-4 gallery-size-thumbnail'><figure class='gallery-item'>\n\t\t\t<div class='gallery-icon landscape'>\n\t\t\t\t<a data-elementor-open-lightbox=\"yes\" data-elementor-lightbox-slideshow=\"e4e9658\" data-elementor-lightbox-title=\"voluntarios2026-01-15 at 13.04.06\" data-e-action-hash=\"#elementor-action%3Aaction%3Dlightbox%26settings%3DeyJpZCI6MTUyMywidXJsIjoiaHR0cHM6XC9cL2xhbmllYmxhZm9yZXN0LmNvbVwvd3AtY29udGVudFwvdXBsb2Fkc1wvMjAyNlwvMDFcL3ZvbHVudGFyaW9zMjAyNi0wMS0xNS1hdC0xMy4wNC4wNi5qcGVnIiwic2xpZGVzaG93IjoiZTRlOTY1OCJ9\" href='https:\/\/lanieblaforest.com\/wp-content\/uploads\/2026\/01\/voluntarios2026-01-15-at-13.04.06.jpeg'><img decoding=\"async\" width=\"150\" height=\"150\" src=\"https:\/\/lanieblaforest.com\/wp-content\/uploads\/2026\/01\/voluntarios2026-01-15-at-13.04.06-150x150.jpeg\" class=\"attachment-thumbnail size-thumbnail\" alt=\"\" \/><\/a>\n\t\t\t<\/div><\/figure><figure class='gallery-item'>\n\t\t\t<div class='gallery-icon landscape'>\n\t\t\t\t<a data-elementor-open-lightbox=\"yes\" data-elementor-lightbox-slideshow=\"e4e9658\" data-elementor-lightbox-title=\"voluntarios2026-01-15 at 13.03.56\" data-e-action-hash=\"#elementor-action%3Aaction%3Dlightbox%26settings%3DeyJpZCI6MTUyNCwidXJsIjoiaHR0cHM6XC9cL2xhbmllYmxhZm9yZXN0LmNvbVwvd3AtY29udGVudFwvdXBsb2Fkc1wvMjAyNlwvMDFcL3ZvbHVudGFyaW9zMjAyNi0wMS0xNS1hdC0xMy4wMy41Ni5qcGVnIiwic2xpZGVzaG93IjoiZTRlOTY1OCJ9\" href='https:\/\/lanieblaforest.com\/wp-content\/uploads\/2026\/01\/voluntarios2026-01-15-at-13.03.56.jpeg'><img decoding=\"async\" width=\"150\" height=\"150\" src=\"https:\/\/lanieblaforest.com\/wp-content\/uploads\/2026\/01\/voluntarios2026-01-15-at-13.03.56-150x150.jpeg\" class=\"attachment-thumbnail size-thumbnail\" alt=\"\" \/><\/a>\n\t\t\t<\/div><\/figure><figure class='gallery-item'>\n\t\t\t<div class='gallery-icon landscape'>\n\t\t\t\t<a data-elementor-open-lightbox=\"yes\" data-elementor-lightbox-slideshow=\"e4e9658\" data-elementor-lightbox-title=\"voluntarios2026-01-15 at 13.03.12\" data-e-action-hash=\"#elementor-action%3Aaction%3Dlightbox%26settings%3DeyJpZCI6MTUyNSwidXJsIjoiaHR0cHM6XC9cL2xhbmllYmxhZm9yZXN0LmNvbVwvd3AtY29udGVudFwvdXBsb2Fkc1wvMjAyNlwvMDFcL3ZvbHVudGFyaW9zMjAyNi0wMS0xNS1hdC0xMy4wMy4xMi5qcGVnIiwic2xpZGVzaG93IjoiZTRlOTY1OCJ9\" href='https:\/\/lanieblaforest.com\/wp-content\/uploads\/2026\/01\/voluntarios2026-01-15-at-13.03.12.jpeg'><img loading=\"lazy\" decoding=\"async\" width=\"150\" height=\"150\" src=\"https:\/\/lanieblaforest.com\/wp-content\/uploads\/2026\/01\/voluntarios2026-01-15-at-13.03.12-150x150.jpeg\" class=\"attachment-thumbnail size-thumbnail\" alt=\"\" \/><\/a>\n\t\t\t<\/div><\/figure><figure class='gallery-item'>\n\t\t\t<div class='gallery-icon portrait'>\n\t\t\t\t<a data-elementor-open-lightbox=\"yes\" data-elementor-lightbox-slideshow=\"e4e9658\" data-elementor-lightbox-title=\"voluntarios2026-01-15 at 13.03.00\" data-e-action-hash=\"#elementor-action%3Aaction%3Dlightbox%26settings%3DeyJpZCI6MTUyNiwidXJsIjoiaHR0cHM6XC9cL2xhbmllYmxhZm9yZXN0LmNvbVwvd3AtY29udGVudFwvdXBsb2Fkc1wvMjAyNlwvMDFcL3ZvbHVudGFyaW9zMjAyNi0wMS0xNS1hdC0xMy4wMy4wMC5qcGVnIiwic2xpZGVzaG93IjoiZTRlOTY1OCJ9\" href='https:\/\/lanieblaforest.com\/wp-content\/uploads\/2026\/01\/voluntarios2026-01-15-at-13.03.00.jpeg'><img loading=\"lazy\" decoding=\"async\" width=\"150\" height=\"150\" src=\"https:\/\/lanieblaforest.com\/wp-content\/uploads\/2026\/01\/voluntarios2026-01-15-at-13.03.00-150x150.jpeg\" class=\"attachment-thumbnail size-thumbnail\" alt=\"\" \/><\/a>\n\t\t\t<\/div><\/figure><figure class='gallery-item'>\n\t\t\t<div class='gallery-icon landscape'>\n\t\t\t\t<a data-elementor-open-lightbox=\"yes\" data-elementor-lightbox-slideshow=\"e4e9658\" data-elementor-lightbox-title=\"voluntarios2026-01-15 at 13.02.49\" data-e-action-hash=\"#elementor-action%3Aaction%3Dlightbox%26settings%3DeyJpZCI6MTUyNywidXJsIjoiaHR0cHM6XC9cL2xhbmllYmxhZm9yZXN0LmNvbVwvd3AtY29udGVudFwvdXBsb2Fkc1wvMjAyNlwvMDFcL3ZvbHVudGFyaW9zMjAyNi0wMS0xNS1hdC0xMy4wMi40OS5qcGVnIiwic2xpZGVzaG93IjoiZTRlOTY1OCJ9\" href='https:\/\/lanieblaforest.com\/wp-content\/uploads\/2026\/01\/voluntarios2026-01-15-at-13.02.49.jpeg'><img loading=\"lazy\" decoding=\"async\" width=\"150\" height=\"150\" src=\"https:\/\/lanieblaforest.com\/wp-content\/uploads\/2026\/01\/voluntarios2026-01-15-at-13.02.49-150x150.jpeg\" class=\"attachment-thumbnail size-thumbnail\" alt=\"\" \/><\/a>\n\t\t\t<\/div><\/figure><figure class='gallery-item'>\n\t\t\t<div class='gallery-icon landscape'>\n\t\t\t\t<a data-elementor-open-lightbox=\"yes\" data-elementor-lightbox-slideshow=\"e4e9658\" data-elementor-lightbox-title=\"voluntarios2026-01-15 at 13.02.10\" data-e-action-hash=\"#elementor-action%3Aaction%3Dlightbox%26settings%3DeyJpZCI6MTUyOCwidXJsIjoiaHR0cHM6XC9cL2xhbmllYmxhZm9yZXN0LmNvbVwvd3AtY29udGVudFwvdXBsb2Fkc1wvMjAyNlwvMDFcL3ZvbHVudGFyaW9zMjAyNi0wMS0xNS1hdC0xMy4wMi4xMC5qcGVnIiwic2xpZGVzaG93IjoiZTRlOTY1OCJ9\" href='https:\/\/lanieblaforest.com\/wp-content\/uploads\/2026\/01\/voluntarios2026-01-15-at-13.02.10.jpeg'><img loading=\"lazy\" decoding=\"async\" width=\"150\" height=\"150\" src=\"https:\/\/lanieblaforest.com\/wp-content\/uploads\/2026\/01\/voluntarios2026-01-15-at-13.02.10-150x150.jpeg\" class=\"attachment-thumbnail size-thumbnail\" alt=\"\" \/><\/a>\n\t\t\t<\/div><\/figure><figure class='gallery-item'>\n\t\t\t<div class='gallery-icon landscape'>\n\t\t\t\t<a data-elementor-open-lightbox=\"yes\" data-elementor-lightbox-slideshow=\"e4e9658\" data-elementor-lightbox-title=\"voluntarios2026-01-15 at 13.01.59\" data-e-action-hash=\"#elementor-action%3Aaction%3Dlightbox%26settings%3DeyJpZCI6MTUyOSwidXJsIjoiaHR0cHM6XC9cL2xhbmllYmxhZm9yZXN0LmNvbVwvd3AtY29udGVudFwvdXBsb2Fkc1wvMjAyNlwvMDFcL3ZvbHVudGFyaW9zMjAyNi0wMS0xNS1hdC0xMy4wMS41OS5qcGVnIiwic2xpZGVzaG93IjoiZTRlOTY1OCJ9\" href='https:\/\/lanieblaforest.com\/wp-content\/uploads\/2026\/01\/voluntarios2026-01-15-at-13.01.59.jpeg'><img loading=\"lazy\" decoding=\"async\" width=\"150\" height=\"150\" src=\"https:\/\/lanieblaforest.com\/wp-content\/uploads\/2026\/01\/voluntarios2026-01-15-at-13.01.59-150x150.jpeg\" class=\"attachment-thumbnail size-thumbnail\" alt=\"\" \/><\/a>\n\t\t\t<\/div><\/figure><figure class='gallery-item'>\n\t\t\t<div class='gallery-icon landscape'>\n\t\t\t\t<a data-elementor-open-lightbox=\"yes\" data-elementor-lightbox-slideshow=\"e4e9658\" data-elementor-lightbox-title=\"voluntarios2026-01-15 at 13.01.42\" data-e-action-hash=\"#elementor-action%3Aaction%3Dlightbox%26settings%3DeyJpZCI6MTUzMCwidXJsIjoiaHR0cHM6XC9cL2xhbmllYmxhZm9yZXN0LmNvbVwvd3AtY29udGVudFwvdXBsb2Fkc1wvMjAyNlwvMDFcL3ZvbHVudGFyaW9zMjAyNi0wMS0xNS1hdC0xMy4wMS40Mi5qcGVnIiwic2xpZGVzaG93IjoiZTRlOTY1OCJ9\" href='https:\/\/lanieblaforest.com\/wp-content\/uploads\/2026\/01\/voluntarios2026-01-15-at-13.01.42.jpeg'><img loading=\"lazy\" decoding=\"async\" width=\"150\" height=\"150\" src=\"https:\/\/lanieblaforest.com\/wp-content\/uploads\/2026\/01\/voluntarios2026-01-15-at-13.01.42-150x150.jpeg\" class=\"attachment-thumbnail size-thumbnail\" alt=\"\" \/><\/a>\n\t\t\t<\/div><\/figure><figure class='gallery-item'>\n\t\t\t<div class='gallery-icon landscape'>\n\t\t\t\t<a data-elementor-open-lightbox=\"yes\" data-elementor-lightbox-slideshow=\"e4e9658\" data-elementor-lightbox-title=\"voluntarios2026-01-15 at 13.01.29\" data-e-action-hash=\"#elementor-action%3Aaction%3Dlightbox%26settings%3DeyJpZCI6MTUzMSwidXJsIjoiaHR0cHM6XC9cL2xhbmllYmxhZm9yZXN0LmNvbVwvd3AtY29udGVudFwvdXBsb2Fkc1wvMjAyNlwvMDFcL3ZvbHVudGFyaW9zMjAyNi0wMS0xNS1hdC0xMy4wMS4yOS5qcGVnIiwic2xpZGVzaG93IjoiZTRlOTY1OCJ9\" href='https:\/\/lanieblaforest.com\/wp-content\/uploads\/2026\/01\/voluntarios2026-01-15-at-13.01.29.jpeg'><img loading=\"lazy\" decoding=\"async\" width=\"150\" height=\"150\" src=\"https:\/\/lanieblaforest.com\/wp-content\/uploads\/2026\/01\/voluntarios2026-01-15-at-13.01.29-150x150.jpeg\" class=\"attachment-thumbnail size-thumbnail\" alt=\"\" \/><\/a>\n\t\t\t<\/div><\/figure><figure class='gallery-item'>\n\t\t\t<div class='gallery-icon landscape'>\n\t\t\t\t<a data-elementor-open-lightbox=\"yes\" data-elementor-lightbox-slideshow=\"e4e9658\" data-elementor-lightbox-title=\"voluntarios2026-01-15 at 13.01.18\" data-e-action-hash=\"#elementor-action%3Aaction%3Dlightbox%26settings%3DeyJpZCI6MTUzMiwidXJsIjoiaHR0cHM6XC9cL2xhbmllYmxhZm9yZXN0LmNvbVwvd3AtY29udGVudFwvdXBsb2Fkc1wvMjAyNlwvMDFcL3ZvbHVudGFyaW9zMjAyNi0wMS0xNS1hdC0xMy4wMS4xOC5qcGVnIiwic2xpZGVzaG93IjoiZTRlOTY1OCJ9\" href='https:\/\/lanieblaforest.com\/wp-content\/uploads\/2026\/01\/voluntarios2026-01-15-at-13.01.18.jpeg'><img loading=\"lazy\" decoding=\"async\" width=\"150\" height=\"150\" src=\"https:\/\/lanieblaforest.com\/wp-content\/uploads\/2026\/01\/voluntarios2026-01-15-at-13.01.18-150x150.jpeg\" class=\"attachment-thumbnail size-thumbnail\" alt=\"\" \/><\/a>\n\t\t\t<\/div><\/figure><figure class='gallery-item'>\n\t\t\t<div class='gallery-icon landscape'>\n\t\t\t\t<a data-elementor-open-lightbox=\"yes\" data-elementor-lightbox-slideshow=\"e4e9658\" data-elementor-lightbox-title=\"voluntarios2026-01-15 at 13.01.09\" data-e-action-hash=\"#elementor-action%3Aaction%3Dlightbox%26settings%3DeyJpZCI6MTUzMywidXJsIjoiaHR0cHM6XC9cL2xhbmllYmxhZm9yZXN0LmNvbVwvd3AtY29udGVudFwvdXBsb2Fkc1wvMjAyNlwvMDFcL3ZvbHVudGFyaW9zMjAyNi0wMS0xNS1hdC0xMy4wMS4wOS5qcGVnIiwic2xpZGVzaG93IjoiZTRlOTY1OCJ9\" href='https:\/\/lanieblaforest.com\/wp-content\/uploads\/2026\/01\/voluntarios2026-01-15-at-13.01.09.jpeg'><img loading=\"lazy\" decoding=\"async\" width=\"150\" height=\"150\" src=\"https:\/\/lanieblaforest.com\/wp-content\/uploads\/2026\/01\/voluntarios2026-01-15-at-13.01.09-150x150.jpeg\" class=\"attachment-thumbnail size-thumbnail\" alt=\"\" \/><\/a>\n\t\t\t<\/div><\/figure><figure class='gallery-item'>\n\t\t\t<div class='gallery-icon landscape'>\n\t\t\t\t<a data-elementor-open-lightbox=\"yes\" data-elementor-lightbox-slideshow=\"e4e9658\" data-elementor-lightbox-title=\"voluntarios2026-01-15 at 13.01.00\" data-e-action-hash=\"#elementor-action%3Aaction%3Dlightbox%26settings%3DeyJpZCI6MTUzNCwidXJsIjoiaHR0cHM6XC9cL2xhbmllYmxhZm9yZXN0LmNvbVwvd3AtY29udGVudFwvdXBsb2Fkc1wvMjAyNlwvMDFcL3ZvbHVudGFyaW9zMjAyNi0wMS0xNS1hdC0xMy4wMS4wMC5qcGVnIiwic2xpZGVzaG93IjoiZTRlOTY1OCJ9\" href='https:\/\/lanieblaforest.com\/wp-content\/uploads\/2026\/01\/voluntarios2026-01-15-at-13.01.00.jpeg'><img loading=\"lazy\" decoding=\"async\" width=\"150\" height=\"150\" src=\"https:\/\/lanieblaforest.com\/wp-content\/uploads\/2026\/01\/voluntarios2026-01-15-at-13.01.00-150x150.jpeg\" class=\"attachment-thumbnail size-thumbnail\" alt=\"\" \/><\/a>\n\t\t\t<\/div><\/figure><figure class='gallery-item'>\n\t\t\t<div class='gallery-icon landscape'>\n\t\t\t\t<a data-elementor-open-lightbox=\"yes\" data-elementor-lightbox-slideshow=\"e4e9658\" data-elementor-lightbox-title=\"voluntarios2026-01-15 at 13.00.41\" data-e-action-hash=\"#elementor-action%3Aaction%3Dlightbox%26settings%3DeyJpZCI6MTUzNSwidXJsIjoiaHR0cHM6XC9cL2xhbmllYmxhZm9yZXN0LmNvbVwvd3AtY29udGVudFwvdXBsb2Fkc1wvMjAyNlwvMDFcL3ZvbHVudGFyaW9zMjAyNi0wMS0xNS1hdC0xMy4wMC40MS5qcGVnIiwic2xpZGVzaG93IjoiZTRlOTY1OCJ9\" href='https:\/\/lanieblaforest.com\/wp-content\/uploads\/2026\/01\/voluntarios2026-01-15-at-13.00.41.jpeg'><img loading=\"lazy\" decoding=\"async\" width=\"150\" height=\"150\" src=\"https:\/\/lanieblaforest.com\/wp-content\/uploads\/2026\/01\/voluntarios2026-01-15-at-13.00.41-150x150.jpeg\" class=\"attachment-thumbnail size-thumbnail\" alt=\"\" \/><\/a>\n\t\t\t<\/div><\/figure><figure class='gallery-item'>\n\t\t\t<div class='gallery-icon landscape'>\n\t\t\t\t<a data-elementor-open-lightbox=\"yes\" data-elementor-lightbox-slideshow=\"e4e9658\" data-elementor-lightbox-title=\"voluntarios2026-01-15 at 13.00.32\" data-e-action-hash=\"#elementor-action%3Aaction%3Dlightbox%26settings%3DeyJpZCI6MTUzNiwidXJsIjoiaHR0cHM6XC9cL2xhbmllYmxhZm9yZXN0LmNvbVwvd3AtY29udGVudFwvdXBsb2Fkc1wvMjAyNlwvMDFcL3ZvbHVudGFyaW9zMjAyNi0wMS0xNS1hdC0xMy4wMC4zMi5qcGVnIiwic2xpZGVzaG93IjoiZTRlOTY1OCJ9\" href='https:\/\/lanieblaforest.com\/wp-content\/uploads\/2026\/01\/voluntarios2026-01-15-at-13.00.32.jpeg'><img loading=\"lazy\" decoding=\"async\" width=\"150\" height=\"150\" src=\"https:\/\/lanieblaforest.com\/wp-content\/uploads\/2026\/01\/voluntarios2026-01-15-at-13.00.32-150x150.jpeg\" class=\"attachment-thumbnail size-thumbnail\" alt=\"\" \/><\/a>\n\t\t\t<\/div><\/figure><figure class='gallery-item'>\n\t\t\t<div class='gallery-icon portrait'>\n\t\t\t\t<a data-elementor-open-lightbox=\"yes\" data-elementor-lightbox-slideshow=\"e4e9658\" data-elementor-lightbox-title=\"voluntarios2026-01-13 at 14.33.15\" data-e-action-hash=\"#elementor-action%3Aaction%3Dlightbox%26settings%3DeyJpZCI6MTUzNywidXJsIjoiaHR0cHM6XC9cL2xhbmllYmxhZm9yZXN0LmNvbVwvd3AtY29udGVudFwvdXBsb2Fkc1wvMjAyNlwvMDFcL3ZvbHVudGFyaW9zMjAyNi0wMS0xMy1hdC0xNC4zMy4xNS5qcGVnIiwic2xpZGVzaG93IjoiZTRlOTY1OCJ9\" href='https:\/\/lanieblaforest.com\/wp-content\/uploads\/2026\/01\/voluntarios2026-01-13-at-14.33.15.jpeg'><img loading=\"lazy\" decoding=\"async\" width=\"150\" height=\"150\" src=\"https:\/\/lanieblaforest.com\/wp-content\/uploads\/2026\/01\/voluntarios2026-01-13-at-14.33.15-150x150.jpeg\" class=\"attachment-thumbnail size-thumbnail\" alt=\"\" \/><\/a>\n\t\t\t<\/div><\/figure><figure class='gallery-item'>\n\t\t\t<div class='gallery-icon landscape'>\n\t\t\t\t<a data-elementor-open-lightbox=\"yes\" data-elementor-lightbox-slideshow=\"e4e9658\" data-elementor-lightbox-title=\"voluntarios2026-01-13 at 14.32.57\" data-e-action-hash=\"#elementor-action%3Aaction%3Dlightbox%26settings%3DeyJpZCI6MTUzOCwidXJsIjoiaHR0cHM6XC9cL2xhbmllYmxhZm9yZXN0LmNvbVwvd3AtY29udGVudFwvdXBsb2Fkc1wvMjAyNlwvMDFcL3ZvbHVudGFyaW9zMjAyNi0wMS0xMy1hdC0xNC4zMi41Ny5qcGVnIiwic2xpZGVzaG93IjoiZTRlOTY1OCJ9\" href='https:\/\/lanieblaforest.com\/wp-content\/uploads\/2026\/01\/voluntarios2026-01-13-at-14.32.57.jpeg'><img loading=\"lazy\" decoding=\"async\" width=\"150\" height=\"150\" src=\"https:\/\/lanieblaforest.com\/wp-content\/uploads\/2026\/01\/voluntarios2026-01-13-at-14.32.57-150x150.jpeg\" class=\"attachment-thumbnail size-thumbnail\" alt=\"\" \/><\/a>\n\t\t\t<\/div><\/figure><figure class='gallery-item'>\n\t\t\t<div class='gallery-icon landscape'>\n\t\t\t\t<a data-elementor-open-lightbox=\"yes\" data-elementor-lightbox-slideshow=\"e4e9658\" data-elementor-lightbox-title=\"voluntarios2026-01-13 at 14.31.55\" data-e-action-hash=\"#elementor-action%3Aaction%3Dlightbox%26settings%3DeyJpZCI6MTUzOSwidXJsIjoiaHR0cHM6XC9cL2xhbmllYmxhZm9yZXN0LmNvbVwvd3AtY29udGVudFwvdXBsb2Fkc1wvMjAyNlwvMDFcL3ZvbHVudGFyaW9zMjAyNi0wMS0xMy1hdC0xNC4zMS41NS5qcGVnIiwic2xpZGVzaG93IjoiZTRlOTY1OCJ9\" href='https:\/\/lanieblaforest.com\/wp-content\/uploads\/2026\/01\/voluntarios2026-01-13-at-14.31.55.jpeg'><img loading=\"lazy\" decoding=\"async\" width=\"150\" height=\"150\" src=\"https:\/\/lanieblaforest.com\/wp-content\/uploads\/2026\/01\/voluntarios2026-01-13-at-14.31.55-150x150.jpeg\" class=\"attachment-thumbnail size-thumbnail\" alt=\"\" \/><\/a>\n\t\t\t<\/div><\/figure><figure class='gallery-item'>\n\t\t\t<div class='gallery-icon landscape'>\n\t\t\t\t<a data-elementor-open-lightbox=\"yes\" data-elementor-lightbox-slideshow=\"e4e9658\" data-elementor-lightbox-title=\"voluntarios2026-01-13 at 14.31.09\" data-e-action-hash=\"#elementor-action%3Aaction%3Dlightbox%26settings%3DeyJpZCI6MTU0MCwidXJsIjoiaHR0cHM6XC9cL2xhbmllYmxhZm9yZXN0LmNvbVwvd3AtY29udGVudFwvdXBsb2Fkc1wvMjAyNlwvMDFcL3ZvbHVudGFyaW9zMjAyNi0wMS0xMy1hdC0xNC4zMS4wOS5qcGVnIiwic2xpZGVzaG93IjoiZTRlOTY1OCJ9\" href='https:\/\/lanieblaforest.com\/wp-content\/uploads\/2026\/01\/voluntarios2026-01-13-at-14.31.09.jpeg'><img loading=\"lazy\" decoding=\"async\" width=\"150\" height=\"150\" src=\"https:\/\/lanieblaforest.com\/wp-content\/uploads\/2026\/01\/voluntarios2026-01-13-at-14.31.09-150x150.jpeg\" class=\"attachment-thumbnail size-thumbnail\" alt=\"\" \/><\/a>\n\t\t\t<\/div><\/figure><figure class='gallery-item'>\n\t\t\t<div class='gallery-icon landscape'>\n\t\t\t\t<a data-elementor-open-lightbox=\"yes\" data-elementor-lightbox-slideshow=\"e4e9658\" data-elementor-lightbox-title=\"voluntarios2026-01-13 at 14.30.44\" data-e-action-hash=\"#elementor-action%3Aaction%3Dlightbox%26settings%3DeyJpZCI6MTU0MSwidXJsIjoiaHR0cHM6XC9cL2xhbmllYmxhZm9yZXN0LmNvbVwvd3AtY29udGVudFwvdXBsb2Fkc1wvMjAyNlwvMDFcL3ZvbHVudGFyaW9zMjAyNi0wMS0xMy1hdC0xNC4zMC40NC5qcGVnIiwic2xpZGVzaG93IjoiZTRlOTY1OCJ9\" href='https:\/\/lanieblaforest.com\/wp-content\/uploads\/2026\/01\/voluntarios2026-01-13-at-14.30.44.jpeg'><img loading=\"lazy\" decoding=\"async\" width=\"150\" height=\"150\" src=\"https:\/\/lanieblaforest.com\/wp-content\/uploads\/2026\/01\/voluntarios2026-01-13-at-14.30.44-150x150.jpeg\" class=\"attachment-thumbnail size-thumbnail\" alt=\"\" \/><\/a>\n\t\t\t<\/div><\/figure><figure class='gallery-item'>\n\t\t\t<div class='gallery-icon portrait'>\n\t\t\t\t<a data-elementor-open-lightbox=\"yes\" data-elementor-lightbox-slideshow=\"e4e9658\" data-elementor-lightbox-title=\"voluntarios2026-01-13 at 14.28.50\" data-e-action-hash=\"#elementor-action%3Aaction%3Dlightbox%26settings%3DeyJpZCI6MTU0MywidXJsIjoiaHR0cHM6XC9cL2xhbmllYmxhZm9yZXN0LmNvbVwvd3AtY29udGVudFwvdXBsb2Fkc1wvMjAyNlwvMDFcL3ZvbHVudGFyaW9zMjAyNi0wMS0xMy1hdC0xNC4yOC41MC5qcGVnIiwic2xpZGVzaG93IjoiZTRlOTY1OCJ9\" href='https:\/\/lanieblaforest.com\/wp-content\/uploads\/2026\/01\/voluntarios2026-01-13-at-14.28.50.jpeg'><img loading=\"lazy\" decoding=\"async\" width=\"150\" height=\"150\" src=\"https:\/\/lanieblaforest.com\/wp-content\/uploads\/2026\/01\/voluntarios2026-01-13-at-14.28.50-150x150.jpeg\" class=\"attachment-thumbnail size-thumbnail\" alt=\"\" \/><\/a>\n\t\t\t<\/div><\/figure><figure class='gallery-item'>\n\t\t\t<div class='gallery-icon landscape'>\n\t\t\t\t<a data-elementor-open-lightbox=\"yes\" data-elementor-lightbox-slideshow=\"e4e9658\" data-elementor-lightbox-title=\"voluntarios2026-01-13 at 14.28.23\" data-e-action-hash=\"#elementor-action%3Aaction%3Dlightbox%26settings%3DeyJpZCI6MTU0NCwidXJsIjoiaHR0cHM6XC9cL2xhbmllYmxhZm9yZXN0LmNvbVwvd3AtY29udGVudFwvdXBsb2Fkc1wvMjAyNlwvMDFcL3ZvbHVudGFyaW9zMjAyNi0wMS0xMy1hdC0xNC4yOC4yMy5qcGVnIiwic2xpZGVzaG93IjoiZTRlOTY1OCJ9\" href='https:\/\/lanieblaforest.com\/wp-content\/uploads\/2026\/01\/voluntarios2026-01-13-at-14.28.23.jpeg'><img loading=\"lazy\" decoding=\"async\" width=\"150\" height=\"150\" src=\"https:\/\/lanieblaforest.com\/wp-content\/uploads\/2026\/01\/voluntarios2026-01-13-at-14.28.23-150x150.jpeg\" class=\"attachment-thumbnail size-thumbnail\" alt=\"\" \/><\/a>\n\t\t\t<\/div><\/figure><figure class='gallery-item'>\n\t\t\t<div class='gallery-icon landscape'>\n\t\t\t\t<a data-elementor-open-lightbox=\"yes\" data-elementor-lightbox-slideshow=\"e4e9658\" data-elementor-lightbox-title=\"voluntarios2026-01-13 at 14.27.43\" data-e-action-hash=\"#elementor-action%3Aaction%3Dlightbox%26settings%3DeyJpZCI6MTU0NSwidXJsIjoiaHR0cHM6XC9cL2xhbmllYmxhZm9yZXN0LmNvbVwvd3AtY29udGVudFwvdXBsb2Fkc1wvMjAyNlwvMDFcL3ZvbHVudGFyaW9zMjAyNi0wMS0xMy1hdC0xNC4yNy40My5qcGVnIiwic2xpZGVzaG93IjoiZTRlOTY1OCJ9\" href='https:\/\/lanieblaforest.com\/wp-content\/uploads\/2026\/01\/voluntarios2026-01-13-at-14.27.43.jpeg'><img loading=\"lazy\" decoding=\"async\" width=\"150\" height=\"150\" src=\"https:\/\/lanieblaforest.com\/wp-content\/uploads\/2026\/01\/voluntarios2026-01-13-at-14.27.43-150x150.jpeg\" class=\"attachment-thumbnail size-thumbnail\" alt=\"\" \/><\/a>\n\t\t\t<\/div><\/figure><figure class='gallery-item'>\n\t\t\t<div class='gallery-icon landscape'>\n\t\t\t\t<a data-elementor-open-lightbox=\"yes\" data-elementor-lightbox-slideshow=\"e4e9658\" data-elementor-lightbox-title=\"voluntarios2026-01-13 at 14.27.29\" data-e-action-hash=\"#elementor-action%3Aaction%3Dlightbox%26settings%3DeyJpZCI6MTU0NiwidXJsIjoiaHR0cHM6XC9cL2xhbmllYmxhZm9yZXN0LmNvbVwvd3AtY29udGVudFwvdXBsb2Fkc1wvMjAyNlwvMDFcL3ZvbHVudGFyaW9zMjAyNi0wMS0xMy1hdC0xNC4yNy4yOS5qcGVnIiwic2xpZGVzaG93IjoiZTRlOTY1OCJ9\" href='https:\/\/lanieblaforest.com\/wp-content\/uploads\/2026\/01\/voluntarios2026-01-13-at-14.27.29.jpeg'><img loading=\"lazy\" decoding=\"async\" width=\"150\" height=\"150\" src=\"https:\/\/lanieblaforest.com\/wp-content\/uploads\/2026\/01\/voluntarios2026-01-13-at-14.27.29-150x150.jpeg\" class=\"attachment-thumbnail size-thumbnail\" alt=\"\" \/><\/a>\n\t\t\t<\/div><\/figure><figure class='gallery-item'>\n\t\t\t<div class='gallery-icon landscape'>\n\t\t\t\t<a data-elementor-open-lightbox=\"yes\" data-elementor-lightbox-slideshow=\"e4e9658\" data-elementor-lightbox-title=\"voluntarios2026-01-13 at 14.15.57\" data-e-action-hash=\"#elementor-action%3Aaction%3Dlightbox%26settings%3DeyJpZCI6MTU0NywidXJsIjoiaHR0cHM6XC9cL2xhbmllYmxhZm9yZXN0LmNvbVwvd3AtY29udGVudFwvdXBsb2Fkc1wvMjAyNlwvMDFcL3ZvbHVudGFyaW9zMjAyNi0wMS0xMy1hdC0xNC4xNS41Ny5qcGVnIiwic2xpZGVzaG93IjoiZTRlOTY1OCJ9\" href='https:\/\/lanieblaforest.com\/wp-content\/uploads\/2026\/01\/voluntarios2026-01-13-at-14.15.57.jpeg'><img loading=\"lazy\" decoding=\"async\" width=\"150\" height=\"150\" src=\"https:\/\/lanieblaforest.com\/wp-content\/uploads\/2026\/01\/voluntarios2026-01-13-at-14.15.57-150x150.jpeg\" class=\"attachment-thumbnail size-thumbnail\" alt=\"\" \/><\/a>\n\t\t\t<\/div><\/figure>\n\t\t<\/div>\n\t\t<\/div>\n\t\t\t\t\t\t<\/div>\n\t\t\t\t<\/div>\n\t\t\t\t\t<\/div>\n\t\t<\/div>\n\t\t\t\t\t<\/div>\n\t\t<\/section>\n\t\t\t\t<\/div>","protected":false},"excerpt":{"rendered":"<p>\u00ab\u00danete a Nuestro Equipo de Voluntarios En La Niebla Forest, creemos en el poder de la comunidad. Cada acci\u00f3n, por peque\u00f1a que parezca, suma un gran impacto en la conservaci\u00f3n de nuestro bosque de neblina.&hellip;<\/p>","protected":false},"author":1,"featured_media":0,"parent":0,"menu_order":0,"comment_status":"closed","ping_status":"closed","template":"","meta":{"give_campaign_id":0,"footnotes":""},"class_list":["post-1369","page","type-page","status-publish","hentry"],"campaignId":"","_links":{"self":[{"href":"https:\/\/lanieblaforest.com\/nl\/wp-json\/wp\/v2\/pages\/1369","targetHints":{"allow":["GET"]}}],"collection":[{"href":"https:\/\/lanieblaforest.com\/nl\/wp-json\/wp\/v2\/pages"}],"about":[{"href":"https:\/\/lanieblaforest.com\/nl\/wp-json\/wp\/v2\/types\/page"}],"author":[{"embeddable":true,"href":"https:\/\/lanieblaforest.com\/nl\/wp-json\/wp\/v2\/users\/1"}],"replies":[{"embeddable":true,"href":"https:\/\/lanieblaforest.com\/nl\/wp-json\/wp\/v2\/comments?post=1369"}],"version-history":[{"count":18,"href":"https:\/\/lanieblaforest.com\/nl\/wp-json\/wp\/v2\/pages\/1369\/revisions"}],"predecessor-version":[{"id":1556,"href":"https:\/\/lanieblaforest.com\/nl\/wp-json\/wp\/v2\/pages\/1369\/revisions\/1556"}],"wp:attachment":[{"href":"https:\/\/lanieblaforest.com\/nl\/wp-json\/wp\/v2\/media?parent=1369"}],"curies":[{"name":"wp","href":"https:\/\/api.w.org\/{rel}","templated":true}]}}