{"id":744,"date":"2019-12-05T04:52:47","date_gmt":"2019-12-05T04:52:47","guid":{"rendered":"https:\/\/lanieblaforest.com\/?page_id=744"},"modified":"2023-10-11T19:08:06","modified_gmt":"2023-10-11T19:08:06","slug":"contribu","status":"publish","type":"page","link":"https:\/\/lanieblaforest.com\/nl\/contribu\/","title":{"rendered":"Contribu"},"content":{"rendered":"<div data-elementor-type=\"wp-page\" data-elementor-id=\"744\" class=\"elementor elementor-744\">\n\t\t\t\t\t\t<section class=\"elementor-section elementor-top-section elementor-element elementor-element-6dd6c48 elementor-section-boxed elementor-section-height-default elementor-section-height-default\" data-id=\"6dd6c48\" data-element_type=\"section\" data-e-type=\"section\">\n\t\t\t\t\t\t<div class=\"elementor-container elementor-column-gap-default\">\n\t\t\t\t\t<div class=\"elementor-column elementor-col-100 elementor-top-column elementor-element elementor-element-8b78ec9\" data-id=\"8b78ec9\" data-element_type=\"column\" data-e-type=\"column\">\n\t\t\t<div class=\"elementor-widget-wrap elementor-element-populated\">\n\t\t\t\t\t\t\t<\/div>\n\t\t<\/div>\n\t\t\t\t\t<\/div>\n\t\t<\/section>\n\t\t\t\t<section class=\"elementor-section elementor-top-section elementor-element elementor-element-7ac93fd elementor-section-boxed elementor-section-height-default elementor-section-height-default\" data-id=\"7ac93fd\" data-element_type=\"section\" data-e-type=\"section\">\n\t\t\t\t\t\t<div class=\"elementor-container elementor-column-gap-default\">\n\t\t\t\t\t<div class=\"elementor-column elementor-col-100 elementor-top-column elementor-element elementor-element-2c3c116\" data-id=\"2c3c116\" data-element_type=\"column\" data-e-type=\"column\">\n\t\t\t<div class=\"elementor-widget-wrap elementor-element-populated\">\n\t\t\t\t\t\t<div class=\"elementor-element elementor-element-ea7ce2a elementor-widget elementor-widget-text-editor\" data-id=\"ea7ce2a\" data-element_type=\"widget\" data-e-type=\"widget\" data-widget_type=\"text-editor.default\">\n\t\t\t\t<div class=\"elementor-widget-container\">\n\t\t\t\t\t\t\t\t\t<p>\u00a0<\/p><p><span style=\"font-weight: 400;\">Om onze inspanningen voor bosbehoud, herbebossing en milieu-educatie te ondersteunen, zijn onze volgende stappen gericht op het aanleggen van een natuureducatief pad en de bouw van een natuureducatief centrum.\u00a0<\/span><\/p><p><span style=\"font-weight: 400;\">Met de steun van de Provincie Oost-Vlaanderen zijn we begonnen met de aanleg van het natuureducatief pad.\u00a0<\/span><\/p><p><span style=\"font-weight: 400;\">De funderingen van het natuureducatief centrum zijn klaar. De volgende fase is de bouw van het geraamte in bamboe en het dak. Met jouw hulp kunnen we blijven bouwen!<\/span><\/p>\t\t\t\t\t\t\t\t<\/div>\n\t\t\t\t<\/div>\n\t\t\t\t<div class=\"elementor-element elementor-element-1131e36 elementor-widget elementor-widget-image\" data-id=\"1131e36\" data-element_type=\"widget\" data-e-type=\"widget\" data-widget_type=\"image.default\">\n\t\t\t\t<div class=\"elementor-widget-container\">\n\t\t\t\t\t\t\t\t\t\t\t\t\t\t\t<img fetchpriority=\"high\" decoding=\"async\" width=\"750\" height=\"330\" src=\"https:\/\/lanieblaforest.com\/wp-content\/uploads\/2023\/09\/WhatsApp-Image-2023-09-18-at-12.58.58-PM.jpeg\" class=\"attachment-large size-large wp-image-1377\" alt=\"\" srcset=\"https:\/\/lanieblaforest.com\/wp-content\/uploads\/2023\/09\/WhatsApp-Image-2023-09-18-at-12.58.58-PM.jpeg 895w, https:\/\/lanieblaforest.com\/wp-content\/uploads\/2023\/09\/WhatsApp-Image-2023-09-18-at-12.58.58-PM-300x132.jpeg 300w, https:\/\/lanieblaforest.com\/wp-content\/uploads\/2023\/09\/WhatsApp-Image-2023-09-18-at-12.58.58-PM-768x338.jpeg 768w, https:\/\/lanieblaforest.com\/wp-content\/uploads\/2023\/09\/WhatsApp-Image-2023-09-18-at-12.58.58-PM-18x8.jpeg 18w\" sizes=\"(max-width: 750px) 100vw, 750px\" \/>\t\t\t\t\t\t\t\t\t\t\t\t\t\t\t<\/div>\n\t\t\t\t<\/div>\n\t\t\t\t<div class=\"elementor-element elementor-element-311843f elementor-widget elementor-widget-spacer\" data-id=\"311843f\" data-element_type=\"widget\" data-e-type=\"widget\" data-widget_type=\"spacer.default\">\n\t\t\t\t<div class=\"elementor-widget-container\">\n\t\t\t\t\t\t\t<div class=\"elementor-spacer\">\n\t\t\t<div class=\"elementor-spacer-inner\"><\/div>\n\t\t<\/div>\n\t\t\t\t\t\t<\/div>\n\t\t\t\t<\/div>\n\t\t\t\t<div class=\"elementor-element elementor-element-5a9d628 elementor-widget elementor-widget-text-editor\" data-id=\"5a9d628\" data-element_type=\"widget\" data-e-type=\"widget\" data-widget_type=\"text-editor.default\">\n\t\t\t\t<div class=\"elementor-widget-container\">\n\t\t\t\t\t\t\t\t\t<h2 class=\"elementor-heading-title elementor-size-default elementor-inline-editing pen\" style=\"color: #fcf9f9; outline-style: dotted; outline-width: thin; box-shadow: #f9f8f6 0px 0px 0px 1px; text-align: center;\" data-elementor-setting-key=\"title\" data-pen-placeholder=\"Type Here...\">ELKE MINUUT TELT <br \/>ELKE M2 TELT<\/h2>\t\t\t\t\t\t\t\t<\/div>\n\t\t\t\t<\/div>\n\t\t\t\t<div class=\"elementor-element elementor-element-6571f5c elementor-widget elementor-widget-spacer\" data-id=\"6571f5c\" data-element_type=\"widget\" data-e-type=\"widget\" data-widget_type=\"spacer.default\">\n\t\t\t\t<div class=\"elementor-widget-container\">\n\t\t\t\t\t\t\t<div class=\"elementor-spacer\">\n\t\t\t<div class=\"elementor-spacer-inner\"><\/div>\n\t\t<\/div>\n\t\t\t\t\t\t<\/div>\n\t\t\t\t<\/div>\n\t\t\t\t<div class=\"elementor-element elementor-element-5790f9c elementor-widget elementor-widget-image\" data-id=\"5790f9c\" data-element_type=\"widget\" data-e-type=\"widget\" data-widget_type=\"image.default\">\n\t\t\t\t<div class=\"elementor-widget-container\">\n\t\t\t\t\t\t\t\t\t\t\t\t\t\t\t<img decoding=\"async\" width=\"750\" height=\"435\" src=\"https:\/\/lanieblaforest.com\/wp-content\/uploads\/2019\/12\/donaciones-1024x594.png\" class=\"attachment-large size-large wp-image-791\" alt=\"\" srcset=\"https:\/\/lanieblaforest.com\/wp-content\/uploads\/2019\/12\/donaciones-1024x594.png 1024w, https:\/\/lanieblaforest.com\/wp-content\/uploads\/2019\/12\/donaciones-300x174.png 300w, https:\/\/lanieblaforest.com\/wp-content\/uploads\/2019\/12\/donaciones-768x446.png 768w, https:\/\/lanieblaforest.com\/wp-content\/uploads\/2019\/12\/donaciones.png 1120w\" sizes=\"(max-width: 750px) 100vw, 750px\" \/>\t\t\t\t\t\t\t\t\t\t\t\t\t\t\t<\/div>\n\t\t\t\t<\/div>\n\t\t\t\t<div class=\"elementor-element elementor-element-6e4838a elementor-widget elementor-widget-spacer\" data-id=\"6e4838a\" data-element_type=\"widget\" data-e-type=\"widget\" data-widget_type=\"spacer.default\">\n\t\t\t\t<div class=\"elementor-widget-container\">\n\t\t\t\t\t\t\t<div class=\"elementor-spacer\">\n\t\t\t<div class=\"elementor-spacer-inner\"><\/div>\n\t\t<\/div>\n\t\t\t\t\t\t<\/div>\n\t\t\t\t<\/div>\n\t\t\t\t<div class=\"elementor-element elementor-element-8ae229b elementor-widget elementor-widget-text-editor\" data-id=\"8ae229b\" data-element_type=\"widget\" data-e-type=\"widget\" data-widget_type=\"text-editor.default\">\n\t\t\t\t<div class=\"elementor-widget-container\">\n\t\t\t\t\t\t\t\t\t<p>Om bij te dragen aan dit natuurbehoud project, kan je gebruik maken van de volgende betalingsmogelijkheden<\/p><p><span style=\"font-size: 18pt;\"><strong>PayPal\u00a0<\/strong><\/span><\/p>\t\t\t\t\t\t\t\t<\/div>\n\t\t\t\t<\/div>\n\t\t\t\t<div class=\"elementor-element elementor-element-5b0044b elementor-widget elementor-widget-image\" data-id=\"5b0044b\" data-element_type=\"widget\" data-e-type=\"widget\" data-widget_type=\"image.default\">\n\t\t\t\t<div class=\"elementor-widget-container\">\n\t\t\t\t\t\t\t\t\t\t\t\t\t\t\t\t<a href=\"https:\/\/www.paypal.me\/laniebla\">\n\t\t\t\t\t\t\t<img decoding=\"async\" width=\"594\" height=\"213\" src=\"https:\/\/lanieblaforest.com\/wp-content\/uploads\/2019\/12\/paypal-logo-payment.png\" class=\"attachment-large size-large wp-image-764\" alt=\"\" srcset=\"https:\/\/lanieblaforest.com\/wp-content\/uploads\/2019\/12\/paypal-logo-payment.png 594w, https:\/\/lanieblaforest.com\/wp-content\/uploads\/2019\/12\/paypal-logo-payment-300x108.png 300w\" sizes=\"(max-width: 594px) 100vw, 594px\" \/>\t\t\t\t\t\t\t\t<\/a>\n\t\t\t\t\t\t\t\t\t\t\t\t\t\t\t<\/div>\n\t\t\t\t<\/div>\n\t\t\t\t<div class=\"elementor-element elementor-element-f7c9364 elementor-widget elementor-widget-spacer\" data-id=\"f7c9364\" data-element_type=\"widget\" data-e-type=\"widget\" data-widget_type=\"spacer.default\">\n\t\t\t\t<div class=\"elementor-widget-container\">\n\t\t\t\t\t\t\t<div class=\"elementor-spacer\">\n\t\t\t<div class=\"elementor-spacer-inner\"><\/div>\n\t\t<\/div>\n\t\t\t\t\t\t<\/div>\n\t\t\t\t<\/div>\n\t\t\t\t<section class=\"elementor-section elementor-inner-section elementor-element elementor-element-03ec2e6 elementor-section-boxed elementor-section-height-default elementor-section-height-default\" data-id=\"03ec2e6\" data-element_type=\"section\" data-e-type=\"section\">\n\t\t\t\t\t\t<div class=\"elementor-container elementor-column-gap-default\">\n\t\t\t\t\t<div class=\"elementor-column elementor-col-100 elementor-inner-column elementor-element elementor-element-ed0f99c\" data-id=\"ed0f99c\" data-element_type=\"column\" data-e-type=\"column\">\n\t\t\t<div class=\"elementor-widget-wrap elementor-element-populated\">\n\t\t\t\t\t\t<div class=\"elementor-element elementor-element-aa310d7 elementor-widget elementor-widget-text-editor\" data-id=\"aa310d7\" data-element_type=\"widget\" data-e-type=\"widget\" data-widget_type=\"text-editor.default\">\n\t\t\t\t<div class=\"elementor-widget-container\">\n\t\t\t\t\t\t\t\t\t<p><span style=\"font-size: 18pt;\"><strong><span style=\"text-align: var(--bs-body-text-align);\">\"<\/span><\/strong><span style=\"text-align: var(--bs-body-text-align); font-weight: bolder;\">Overschrijving op de rekening van de VZW La Niebla Forest in Belgi\u00eb\"<\/span><span style=\"text-align: var(--bs-body-text-align);\">.<\/span><\/span><\/p>\t\t\t\t\t\t\t\t<\/div>\n\t\t\t\t<\/div>\n\t\t\t\t<div class=\"elementor-element elementor-element-06f8c05 elementor-widget elementor-widget-heading\" data-id=\"06f8c05\" data-element_type=\"widget\" data-e-type=\"widget\" data-widget_type=\"heading.default\">\n\t\t\t\t<div class=\"elementor-widget-container\">\n\t\t\t\t\t<h2 class=\"elementor-heading-title elementor-size-large\">La Niebla Forest VZW : BE80523081121377<br><\/h2>\t\t\t\t<\/div>\n\t\t\t\t<\/div>\n\t\t\t\t\t<\/div>\n\t\t<\/div>\n\t\t\t\t\t<\/div>\n\t\t<\/section>\n\t\t\t\t<div class=\"elementor-element elementor-element-69375e0 elementor-position-top elementor-widget elementor-widget-image-box\" data-id=\"69375e0\" data-element_type=\"widget\" data-e-type=\"widget\" data-widget_type=\"image-box.default\">\n\t\t\t\t<div class=\"elementor-widget-container\">\n\t\t\t\t\t<div class=\"elementor-image-box-wrapper\"><figure class=\"elementor-image-box-img\"><img loading=\"lazy\" decoding=\"async\" width=\"300\" height=\"44\" src=\"https:\/\/lanieblaforest.com\/wp-content\/uploads\/2019\/12\/Triodos_Bank_logo-300x44.png\" class=\"attachment-medium size-medium wp-image-761\" alt=\"\" srcset=\"https:\/\/lanieblaforest.com\/wp-content\/uploads\/2019\/12\/Triodos_Bank_logo-300x44.png 300w, https:\/\/lanieblaforest.com\/wp-content\/uploads\/2019\/12\/Triodos_Bank_logo-1024x152.png 1024w, https:\/\/lanieblaforest.com\/wp-content\/uploads\/2019\/12\/Triodos_Bank_logo-768x114.png 768w, https:\/\/lanieblaforest.com\/wp-content\/uploads\/2019\/12\/Triodos_Bank_logo-1536x228.png 1536w, https:\/\/lanieblaforest.com\/wp-content\/uploads\/2019\/12\/Triodos_Bank_logo-2048x303.png 2048w\" sizes=\"(max-width: 300px) 100vw, 300px\" \/><\/figure><\/div>\t\t\t\t<\/div>\n\t\t\t\t<\/div>\n\t\t\t\t<div class=\"elementor-element elementor-element-7f32304 elementor-widget elementor-widget-spacer\" data-id=\"7f32304\" data-element_type=\"widget\" data-e-type=\"widget\" data-widget_type=\"spacer.default\">\n\t\t\t\t<div class=\"elementor-widget-container\">\n\t\t\t\t\t\t\t<div class=\"elementor-spacer\">\n\t\t\t<div class=\"elementor-spacer-inner\"><\/div>\n\t\t<\/div>\n\t\t\t\t\t\t<\/div>\n\t\t\t\t<\/div>\n\t\t\t\t<div class=\"elementor-element elementor-element-289b9c3 elementor-widget elementor-widget-spacer\" data-id=\"289b9c3\" data-element_type=\"widget\" data-e-type=\"widget\" data-widget_type=\"spacer.default\">\n\t\t\t\t<div class=\"elementor-widget-container\">\n\t\t\t\t\t\t\t<div class=\"elementor-spacer\">\n\t\t\t<div class=\"elementor-spacer-inner\"><\/div>\n\t\t<\/div>\n\t\t\t\t\t\t<\/div>\n\t\t\t\t<\/div>\n\t\t\t\t\t<\/div>\n\t\t<\/div>\n\t\t\t\t\t<\/div>\n\t\t<\/section>\n\t\t\t\t<section class=\"elementor-section elementor-top-section elementor-element elementor-element-05c104f elementor-section-boxed elementor-section-height-default elementor-section-height-default\" data-id=\"05c104f\" data-element_type=\"section\" data-e-type=\"section\">\n\t\t\t\t\t\t<div class=\"elementor-container elementor-column-gap-default\">\n\t\t\t\t\t<div class=\"elementor-column elementor-col-100 elementor-top-column elementor-element elementor-element-4d393f2\" data-id=\"4d393f2\" data-element_type=\"column\" data-e-type=\"column\">\n\t\t\t<div class=\"elementor-widget-wrap\">\n\t\t\t\t\t\t\t<\/div>\n\t\t<\/div>\n\t\t\t\t\t<\/div>\n\t\t<\/section>\n\t\t\t\t<\/div>","protected":false},"excerpt":{"rendered":"<p>\u00a0 Para apoyar nuestros esfuerzos de conservaci\u00f3n, restauraci\u00f3n del bosque y educaci\u00f3n ambiental, nuestros pr\u00f3ximos pasos son el camino interpretativo y el centro de interpretaci\u00f3n.\u00a0 Con el respaldo de Provincie Oost-Vlaanderen hemos empezado la implementaci\u00f3n&hellip;<\/p>","protected":false},"author":1,"featured_media":0,"parent":0,"menu_order":0,"comment_status":"closed","ping_status":"closed","template":"","meta":{"give_campaign_id":0,"footnotes":""},"class_list":["post-744","page","type-page","status-publish","hentry"],"campaignId":"","_links":{"self":[{"href":"https:\/\/lanieblaforest.com\/nl\/wp-json\/wp\/v2\/pages\/744","targetHints":{"allow":["GET"]}}],"collection":[{"href":"https:\/\/lanieblaforest.com\/nl\/wp-json\/wp\/v2\/pages"}],"about":[{"href":"https:\/\/lanieblaforest.com\/nl\/wp-json\/wp\/v2\/types\/page"}],"author":[{"embeddable":true,"href":"https:\/\/lanieblaforest.com\/nl\/wp-json\/wp\/v2\/users\/1"}],"replies":[{"embeddable":true,"href":"https:\/\/lanieblaforest.com\/nl\/wp-json\/wp\/v2\/comments?post=744"}],"version-history":[{"count":67,"href":"https:\/\/lanieblaforest.com\/nl\/wp-json\/wp\/v2\/pages\/744\/revisions"}],"predecessor-version":[{"id":1477,"href":"https:\/\/lanieblaforest.com\/nl\/wp-json\/wp\/v2\/pages\/744\/revisions\/1477"}],"wp:attachment":[{"href":"https:\/\/lanieblaforest.com\/nl\/wp-json\/wp\/v2\/media?parent=744"}],"curies":[{"name":"wp","href":"https:\/\/api.w.org\/{rel}","templated":true}]}}